{"id":3746,"date":"2013-05-21T17:36:33","date_gmt":"2013-05-21T20:36:33","guid":{"rendered":"https:\/\/www.brascri.org.br\/pt?page_id=3746"},"modified":"2014-04-22T20:25:51","modified_gmt":"2014-04-22T23:25:51","slug":"educ-uma-oportunidade-de-aprender","status":"publish","type":"page","link":"https:\/\/brascri.org.br\/pt\/projetos\/educ-uma-oportunidade-de-aprender\/","title":{"rendered":"EDUC \u2013 Uma Oportunidade de Aprender"},"content":{"rendered":"<p>O acesso \u00e0 cultura permite ao jovem formar e expressar sua percep\u00e7\u00e3o individual sobre o mundo.<\/p>\n<p>Comunidades carentes que experimentam a falta de acesso \u00e0 cultura penalizam ainda mais seus jovens pela falta de op\u00e7\u00f5es atrativas de lazer. Neste contexto, o jovem em processo de cria\u00e7\u00e3o de sua identidade busca alguma realiza\u00e7\u00e3o em atividades n\u00e3o orientadas. Tem-se ai um alvo f\u00e1cil para a marginaliza\u00e7\u00e3o e contato com toda sorte de banaliza\u00e7\u00e3o e apelos negativos.<\/p>\n<p>Alunos de escolas p\u00fablicas podem desenvolver suas habilidades. Oferecemos atividades culturais dentro de escolas para evitar a sedu\u00e7\u00e3o nociva da rua e a marginaliza\u00e7\u00e3o de jovens sem op\u00e7\u00f5es de lazer em sua comunidade. Al\u00e9m disso, colaboramos com o seu aprendizado, desenvolvendo atividades de apoio ao curr\u00edculo oficial da escola.<\/p>\n","protected":false},"excerpt":{"rendered":"<p>O acesso \u00e0 cultura permite ao jovem formar e expressar sua percep\u00e7\u00e3o individual sobre o mundo. Comunidades carentes que experimentam a falta de acesso \u00e0 cultura penalizam ainda mais seus jovens pela falta de op\u00e7\u00f5es atrativas de lazer. Neste contexto, o jovem em processo de cria\u00e7\u00e3o de sua identidade busca alguma realiza\u00e7\u00e3o em atividades n\u00e3o orientadas. Tem-se ai um alvo f\u00e1cil para a marginaliza\u00e7\u00e3o e contato com toda sorte de banaliza\u00e7\u00e3o e apelos negativos. Alunos de escolas p\u00fablicas podem desenvolver suas habilidades. Oferecemos atividades culturais dentro de escolas para evitar a sedu\u00e7\u00e3o nociva da rua e a marginaliza\u00e7\u00e3o de jovens sem op\u00e7\u00f5es de lazer em sua comunidade. Al\u00e9m disso, colaboramos com o seu aprendizado, desenvolvendo atividades de apoio ao curr\u00edculo oficial da escola.<\/p>\n","protected":false},"author":1,"featured_media":0,"parent":2145,"menu_order":0,"comment_status":"open","ping_status":"open","template":"","meta":[],"_links":{"self":[{"href":"https:\/\/brascri.org.br\/pt\/wp-json\/wp\/v2\/pages\/3746"}],"collection":[{"href":"https:\/\/brascri.org.br\/pt\/wp-json\/wp\/v2\/pages"}],"about":[{"href":"https:\/\/brascri.org.br\/pt\/wp-json\/wp\/v2\/types\/page"}],"author":[{"embeddable":true,"href":"https:\/\/brascri.org.br\/pt\/wp-json\/wp\/v2\/users\/1"}],"replies":[{"embeddable":true,"href":"https:\/\/brascri.org.br\/pt\/wp-json\/wp\/v2\/comments?post=3746"}],"version-history":[{"count":27,"href":"https:\/\/brascri.org.br\/pt\/wp-json\/wp\/v2\/pages\/3746\/revisions"}],"predecessor-version":[{"id":3749,"href":"https:\/\/brascri.org.br\/pt\/wp-json\/wp\/v2\/pages\/3746\/revisions\/3749"}],"up":[{"embeddable":true,"href":"https:\/\/brascri.org.br\/pt\/wp-json\/wp\/v2\/pages\/2145"}],"wp:attachment":[{"href":"https:\/\/brascri.org.br\/pt\/wp-json\/wp\/v2\/media?parent=3746"}],"curies":[{"name":"wp","href":"https:\/\/api.w.org\/{rel}","templated":true}]}}