{"id":2786,"date":"2013-04-08T20:19:04","date_gmt":"2013-04-08T20:19:04","guid":{"rendered":"http:\/\/brascri.amgarts.ch\/?page_id=2786"},"modified":"2013-06-01T00:01:34","modified_gmt":"2013-06-01T03:01:34","slug":"obrigado","status":"publish","type":"page","link":"https:\/\/brascri.org.br\/pt\/colabore\/obrigado\/","title":{"rendered":"Obrigado!"},"content":{"rendered":"<p style=\"text-align: center;\"><strong>Muito obrigado!<\/strong><\/p>\n<p>&nbsp;<\/p>\n<address style=\"text-align: center;\">Tanto faz se \u00e9 de longe, se \u00e9 de perto,<\/address>\n<address style=\"text-align: center;\">Se \u00e9 meio sem jeito ou se \u00e9 s\u00f3 um gesto.<\/address>\n<address style=\"text-align: center;\">Tanto faz se \u00e9 uma simples gentileza<\/address>\n<address style=\"text-align: center;\">ou a demonstra\u00e7\u00e3o de f\u00e9.<\/address>\n<address style=\"text-align: center;\">N\u00f3s queremos te agradecer e dizer<\/address>\n<p style=\"text-align: center;\">\n<p style=\"text-align: center;\"><strong>\u201cVoc\u00ea \u00e9 importante demais!\u201d<\/strong><\/p>\n<p style=\"text-align: center;\"><strong>\u00a0<\/strong><\/p>\n<p><img loading=\"lazy\" class=\"alignnone size-full wp-image-3679\" alt=\"obrigado-colabore\" src=\"https:\/\/www.brascri.org.br\/ptwp-content\/uploads\/2013\/04\/obrigado-colabore.jpg\" width=\"940\" height=\"300\" srcset=\"https:\/\/brascri.org.br\/pt\/wp-content\/uploads\/2013\/04\/obrigado-colabore.jpg 940w, https:\/\/brascri.org.br\/pt\/wp-content\/uploads\/2013\/04\/obrigado-colabore-300x95.jpg 300w\" sizes=\"(max-width: 940px) 100vw, 940px\" \/><\/p>\n<p>&nbsp;<\/p>\n<p style=\"text-align: center;\"><span style=\"font-family: Consolas, Monaco, monospace; font-size: 12px; line-height: 18px;\">\u00a0<\/span>A <strong>BRASCRI \u2013 Associa\u00e7\u00e3o Brasil Crian\u00e7a<\/strong> agradece a todos\u00a0que fazem parte da nossa hist\u00f3ria e de nossas conquistas.<\/p>\n<p style=\"text-align: center;\">Nosso Obrigado \u00e9 todo seu que faz a diferen\u00e7a.<\/p>\n","protected":false},"excerpt":{"rendered":"<p>Muito obrigado! &nbsp; Tanto faz se \u00e9 de longe, se \u00e9 de perto, Se \u00e9 meio sem jeito ou se \u00e9 s\u00f3 um gesto. Tanto faz se \u00e9 uma simples gentileza ou a demonstra\u00e7\u00e3o de f\u00e9. N\u00f3s queremos te agradecer e dizer \u201cVoc\u00ea \u00e9 importante demais!\u201d \u00a0 &nbsp; \u00a0A BRASCRI \u2013 Associa\u00e7\u00e3o Brasil Crian\u00e7a agradece a todos\u00a0que fazem parte da nossa hist\u00f3ria e de nossas conquistas. Nosso Obrigado \u00e9 todo seu que faz a diferen\u00e7a.<\/p>\n","protected":false},"author":1,"featured_media":0,"parent":2222,"menu_order":0,"comment_status":"open","ping_status":"open","template":"","meta":[],"_links":{"self":[{"href":"https:\/\/brascri.org.br\/pt\/wp-json\/wp\/v2\/pages\/2786"}],"collection":[{"href":"https:\/\/brascri.org.br\/pt\/wp-json\/wp\/v2\/pages"}],"about":[{"href":"https:\/\/brascri.org.br\/pt\/wp-json\/wp\/v2\/types\/page"}],"author":[{"embeddable":true,"href":"https:\/\/brascri.org.br\/pt\/wp-json\/wp\/v2\/users\/1"}],"replies":[{"embeddable":true,"href":"https:\/\/brascri.org.br\/pt\/wp-json\/wp\/v2\/comments?post=2786"}],"version-history":[{"count":26,"href":"https:\/\/brascri.org.br\/pt\/wp-json\/wp\/v2\/pages\/2786\/revisions"}],"predecessor-version":[{"id":2790,"href":"https:\/\/brascri.org.br\/pt\/wp-json\/wp\/v2\/pages\/2786\/revisions\/2790"}],"up":[{"embeddable":true,"href":"https:\/\/brascri.org.br\/pt\/wp-json\/wp\/v2\/pages\/2222"}],"wp:attachment":[{"href":"https:\/\/brascri.org.br\/pt\/wp-json\/wp\/v2\/media?parent=2786"}],"curies":[{"name":"wp","href":"https:\/\/api.w.org\/{rel}","templated":true}]}}