{"id":2337,"date":"2013-04-03T16:03:34","date_gmt":"2013-04-03T16:03:34","guid":{"rendered":"http:\/\/brascri.amgarts.ch\/?page_id=2337"},"modified":"2013-05-31T23:38:08","modified_gmt":"2013-06-01T02:38:08","slug":"pais-e-alunos","status":"publish","type":"page","link":"https:\/\/brascri.org.br\/pt\/colabore\/pais-e-alunos\/","title":{"rendered":"Inscreva-se"},"content":{"rendered":"<p>Os projetos da BRASCRI apoiam crian\u00e7as e jovens em situa\u00e7\u00e3o de vulnerabilidade social. S\u00e3o projetos que instrumentalizam os indiv\u00edduos para a busca de oportunidades, inclus\u00e3o social e qualidade de vida.<\/p>\n<p>Descubra como:<\/p>\n","protected":false},"excerpt":{"rendered":"<p>Os projetos da BRASCRI apoiam crian\u00e7as e jovens em situa\u00e7\u00e3o de vulnerabilidade social. S\u00e3o projetos que instrumentalizam os indiv\u00edduos para a busca de oportunidades, inclus\u00e3o social e qualidade de vida. Descubra como:<\/p>\n","protected":false},"author":1,"featured_media":0,"parent":2222,"menu_order":0,"comment_status":"open","ping_status":"open","template":"","meta":[],"_links":{"self":[{"href":"https:\/\/brascri.org.br\/pt\/wp-json\/wp\/v2\/pages\/2337"}],"collection":[{"href":"https:\/\/brascri.org.br\/pt\/wp-json\/wp\/v2\/pages"}],"about":[{"href":"https:\/\/brascri.org.br\/pt\/wp-json\/wp\/v2\/types\/page"}],"author":[{"embeddable":true,"href":"https:\/\/brascri.org.br\/pt\/wp-json\/wp\/v2\/users\/1"}],"replies":[{"embeddable":true,"href":"https:\/\/brascri.org.br\/pt\/wp-json\/wp\/v2\/comments?post=2337"}],"version-history":[{"count":50,"href":"https:\/\/brascri.org.br\/pt\/wp-json\/wp\/v2\/pages\/2337\/revisions"}],"predecessor-version":[{"id":3967,"href":"https:\/\/brascri.org.br\/pt\/wp-json\/wp\/v2\/pages\/2337\/revisions\/3967"}],"up":[{"embeddable":true,"href":"https:\/\/brascri.org.br\/pt\/wp-json\/wp\/v2\/pages\/2222"}],"wp:attachment":[{"href":"https:\/\/brascri.org.br\/pt\/wp-json\/wp\/v2\/media?parent=2337"}],"curies":[{"name":"wp","href":"https:\/\/api.w.org\/{rel}","templated":true}]}}