{"id":2246,"date":"2013-04-02T20:03:22","date_gmt":"2013-04-02T20:03:22","guid":{"rendered":"http:\/\/brascri.amgarts.ch\/?page_id=2246"},"modified":"2018-03-09T17:03:52","modified_gmt":"2018-03-09T20:03:52","slug":"nova-chance-uma-oportunidade-para-crescer","status":"publish","type":"page","link":"https:\/\/brascri.org.br\/pt\/projetos\/nova-chance-uma-oportunidade-para-crescer\/","title":{"rendered":"NOVA CHANCE &#8211; Uma Oportunidade para Crescer"},"content":{"rendered":"<p>Numa sociedade em constante transforma\u00e7\u00e3o e compromissada com o desenvolvimento econ\u00f4mico, estar preparado para a presta\u00e7\u00e3o profissional \u00e9 uma necessidade para a entrada e perman\u00eancia no mercado de trabalho.<\/p>\n<p>Mas como entrar neste mercado sem uma forma\u00e7\u00e3o que capacite para estas atividades?<\/p>\n<p>Grande parcela da popula\u00e7\u00e3o jovem, em idade adequada para a busca do primeiro emprego e, em situa\u00e7\u00e3o social prec\u00e1ria, enfrentam esta situa\u00e7\u00e3o e podem relatar esta dura realidade.<\/p>\n<p>Sem acesso a uma forma\u00e7\u00e3o profissionalizante adequada, este jovem se v\u00ea diante de exig\u00eancias, isolado, confuso e sem orienta\u00e7\u00e3o e, o que deveria ser um referencial para orientar seu processo de forma\u00e7\u00e3o, transforma-se em fator de aparta\u00e7\u00e3o e exclus\u00e3o social.<\/p>\n<p>Jovens interessados em romper o ciclo da pobreza recebem aqui forma\u00e7\u00e3o profissional para entrada no mercado de trabalho.<\/p>\n","protected":false},"excerpt":{"rendered":"<p>Numa sociedade em constante transforma\u00e7\u00e3o e compromissada com o desenvolvimento econ\u00f4mico, estar preparado para a presta\u00e7\u00e3o profissional \u00e9 uma necessidade para a entrada e perman\u00eancia no mercado de trabalho. Mas como entrar neste mercado sem uma forma\u00e7\u00e3o que capacite para estas atividades? Grande parcela da popula\u00e7\u00e3o jovem, em idade adequada para a busca do primeiro emprego e, em situa\u00e7\u00e3o social prec\u00e1ria, enfrentam esta situa\u00e7\u00e3o e podem relatar esta dura realidade. Sem acesso a uma forma\u00e7\u00e3o profissionalizante adequada, este jovem se v\u00ea diante de exig\u00eancias, isolado, confuso e sem orienta\u00e7\u00e3o e, o que deveria ser um referencial para orientar seu processo de forma\u00e7\u00e3o, transforma-se em fator de aparta\u00e7\u00e3o e exclus\u00e3o social. Jovens interessados em romper o ciclo da pobreza recebem aqui forma\u00e7\u00e3o profissional para entrada no mercado de trabalho.<\/p>\n","protected":false},"author":1,"featured_media":0,"parent":2145,"menu_order":0,"comment_status":"open","ping_status":"open","template":"","meta":[],"_links":{"self":[{"href":"https:\/\/brascri.org.br\/pt\/wp-json\/wp\/v2\/pages\/2246"}],"collection":[{"href":"https:\/\/brascri.org.br\/pt\/wp-json\/wp\/v2\/pages"}],"about":[{"href":"https:\/\/brascri.org.br\/pt\/wp-json\/wp\/v2\/types\/page"}],"author":[{"embeddable":true,"href":"https:\/\/brascri.org.br\/pt\/wp-json\/wp\/v2\/users\/1"}],"replies":[{"embeddable":true,"href":"https:\/\/brascri.org.br\/pt\/wp-json\/wp\/v2\/comments?post=2246"}],"version-history":[{"count":49,"href":"https:\/\/brascri.org.br\/pt\/wp-json\/wp\/v2\/pages\/2246\/revisions"}],"predecessor-version":[{"id":5242,"href":"https:\/\/brascri.org.br\/pt\/wp-json\/wp\/v2\/pages\/2246\/revisions\/5242"}],"up":[{"embeddable":true,"href":"https:\/\/brascri.org.br\/pt\/wp-json\/wp\/v2\/pages\/2145"}],"wp:attachment":[{"href":"https:\/\/brascri.org.br\/pt\/wp-json\/wp\/v2\/media?parent=2246"}],"curies":[{"name":"wp","href":"https:\/\/api.w.org\/{rel}","templated":true}]}}