{"id":2242,"date":"2013-04-02T20:00:31","date_gmt":"2013-04-02T20:00:31","guid":{"rendered":"http:\/\/brascri.amgarts.ch\/?page_id=2242"},"modified":"2021-12-14T10:19:34","modified_gmt":"2021-12-14T13:19:34","slug":"da-uma-oportunidade-para-se-comunicar","status":"publish","type":"page","link":"https:\/\/brascri.org.br\/pt\/projetos\/da-uma-oportunidade-para-se-comunicar\/","title":{"rendered":"DA &#8211; Uma Oportunidade para se Comunicar"},"content":{"rendered":"<p><img loading=\"lazy\" class=\"alignleft wp-image-3629\" src=\"https:\/\/www.brascri.org.br\/pt\/wp-content\/uploads\/2013\/04\/da_deaf-sign.jpg\" alt=\"\" width=\"103\" height=\"105\" \/>Qual a import\u00e2ncia da comunica\u00e7\u00e3o na sua vida?\u00a0S\u00f3 quem passa por um processo de priva\u00e7\u00e3o dela possui a exata\u00a0dimens\u00e3o de sua import\u00e2ncia.<\/p>\n<p>A comunica\u00e7\u00e3o \u00e9 o meio de conex\u00e3o entre voc\u00ea e o mundo. A forma pela qual expressa sentimentos, d\u00favidas, vontades e injusti\u00e7as. Atrav\u00e9s dela aprendemos e crescemos. Sem ela ficamos no sil\u00eancio, calados e alheios.<\/p>\n<p>Crian\u00e7as surdas em idade de pr\u00e9-alfabetiza\u00e7\u00e3o e com poucos recursos podem receber aqui toda aten\u00e7\u00e3o e ajuda de que necessitam e\u00a0merecem.<\/p>\n","protected":false},"excerpt":{"rendered":"<p>Qual a import\u00e2ncia da comunica\u00e7\u00e3o na sua vida?\u00a0S\u00f3 quem passa por um processo de priva\u00e7\u00e3o dela possui a exata\u00a0dimens\u00e3o de sua import\u00e2ncia. A comunica\u00e7\u00e3o \u00e9 o meio de conex\u00e3o entre voc\u00ea e o mundo. A forma pela qual expressa sentimentos, d\u00favidas, vontades e injusti\u00e7as. Atrav\u00e9s dela aprendemos e crescemos. Sem ela ficamos no sil\u00eancio, calados e alheios. Crian\u00e7as surdas em idade de pr\u00e9-alfabetiza\u00e7\u00e3o e com poucos recursos podem receber aqui toda aten\u00e7\u00e3o e ajuda de que necessitam e\u00a0merecem.<\/p>\n","protected":false},"author":1,"featured_media":0,"parent":2145,"menu_order":0,"comment_status":"open","ping_status":"open","template":"","meta":[],"_links":{"self":[{"href":"https:\/\/brascri.org.br\/pt\/wp-json\/wp\/v2\/pages\/2242"}],"collection":[{"href":"https:\/\/brascri.org.br\/pt\/wp-json\/wp\/v2\/pages"}],"about":[{"href":"https:\/\/brascri.org.br\/pt\/wp-json\/wp\/v2\/types\/page"}],"author":[{"embeddable":true,"href":"https:\/\/brascri.org.br\/pt\/wp-json\/wp\/v2\/users\/1"}],"replies":[{"embeddable":true,"href":"https:\/\/brascri.org.br\/pt\/wp-json\/wp\/v2\/comments?post=2242"}],"version-history":[{"count":49,"href":"https:\/\/brascri.org.br\/pt\/wp-json\/wp\/v2\/pages\/2242\/revisions"}],"predecessor-version":[{"id":5426,"href":"https:\/\/brascri.org.br\/pt\/wp-json\/wp\/v2\/pages\/2242\/revisions\/5426"}],"up":[{"embeddable":true,"href":"https:\/\/brascri.org.br\/pt\/wp-json\/wp\/v2\/pages\/2145"}],"wp:attachment":[{"href":"https:\/\/brascri.org.br\/pt\/wp-json\/wp\/v2\/media?parent=2242"}],"curies":[{"name":"wp","href":"https:\/\/api.w.org\/{rel}","templated":true}]}}