{"id":2234,"date":"2013-04-02T19:53:27","date_gmt":"2013-04-02T19:53:27","guid":{"rendered":"http:\/\/brascri.amgarts.ch\/?page_id=2234"},"modified":"2013-05-30T22:16:05","modified_gmt":"2013-05-31T01:16:05","slug":"parceiros","status":"publish","type":"page","link":"https:\/\/brascri.org.br\/pt\/conheca\/parceiros\/","title":{"rendered":"Parceiros"},"content":{"rendered":"<p><strong>SENAI<\/strong>: uma iniciativa de sucesso que deu muito certo. Temos orgulho disso.<\/p>\n<p><strong>Hilton<\/strong>: s\u00f3 temos de agradecer aos respons\u00e1veis e funcion\u00e1rios que com seu carinho e atendimento sensibilizaram seus clientes a colaborar conosco com uma gorjeta.<\/p>\n<p><strong>Votorantim<\/strong>: teve a \u00e1rdua miss\u00e3o de transformar jovens principiantes em empreendedores cooperativados, sem nenhuma experi\u00eancia administrativa, comercial, produtiva e de log\u00edstica em 3 segmentos que eles antes n\u00e3o conheciam.<\/p>\n<p><strong>ConfrariaRH<\/strong>: um belo relacionamento na divulga\u00e7\u00e3o de oportunidades de aperfei\u00e7oamento e emprego.<\/p>\n<p><strong>SENAC:\u00a0<\/strong>a busca de novas metodologias de ensino profissionalizante, uma vez que a forma\u00e7\u00e3o deficiente fecha o acesso a oportunidades de trabalho.<br \/>\n<img loading=\"lazy\" class=\"aligncenter\" alt=\"\" src=\"http:\/\/brascri.amgarts.ch\/wp-content\/themes\/goodspace_v1-07\/images\/brascri_partners.png\" width=\"940\" height=\"150\" \/><\/p>\n","protected":false},"excerpt":{"rendered":"<p>SENAI: uma iniciativa de sucesso que deu muito certo. Temos orgulho disso. Hilton: s\u00f3 temos de agradecer aos respons\u00e1veis e funcion\u00e1rios que com seu carinho e atendimento sensibilizaram seus clientes a colaborar conosco com uma gorjeta. Votorantim: teve a \u00e1rdua miss\u00e3o de transformar jovens principiantes em empreendedores cooperativados, sem nenhuma experi\u00eancia administrativa, comercial, produtiva e de log\u00edstica em 3 segmentos que eles antes n\u00e3o conheciam. ConfrariaRH: um belo relacionamento na divulga\u00e7\u00e3o de oportunidades de aperfei\u00e7oamento e emprego. SENAC:\u00a0a busca de novas metodologias de ensino profissionalizante, uma vez que a forma\u00e7\u00e3o deficiente fecha o acesso a oportunidades de trabalho.<\/p>\n","protected":false},"author":1,"featured_media":0,"parent":2143,"menu_order":0,"comment_status":"open","ping_status":"open","template":"","meta":[],"_links":{"self":[{"href":"https:\/\/brascri.org.br\/pt\/wp-json\/wp\/v2\/pages\/2234"}],"collection":[{"href":"https:\/\/brascri.org.br\/pt\/wp-json\/wp\/v2\/pages"}],"about":[{"href":"https:\/\/brascri.org.br\/pt\/wp-json\/wp\/v2\/types\/page"}],"author":[{"embeddable":true,"href":"https:\/\/brascri.org.br\/pt\/wp-json\/wp\/v2\/users\/1"}],"replies":[{"embeddable":true,"href":"https:\/\/brascri.org.br\/pt\/wp-json\/wp\/v2\/comments?post=2234"}],"version-history":[{"count":6,"href":"https:\/\/brascri.org.br\/pt\/wp-json\/wp\/v2\/pages\/2234\/revisions"}],"predecessor-version":[{"id":2236,"href":"https:\/\/brascri.org.br\/pt\/wp-json\/wp\/v2\/pages\/2234\/revisions\/2236"}],"up":[{"embeddable":true,"href":"https:\/\/brascri.org.br\/pt\/wp-json\/wp\/v2\/pages\/2143"}],"wp:attachment":[{"href":"https:\/\/brascri.org.br\/pt\/wp-json\/wp\/v2\/media?parent=2234"}],"curies":[{"name":"wp","href":"https:\/\/api.w.org\/{rel}","templated":true}]}}