{"id":2232,"date":"2013-04-02T19:53:00","date_gmt":"2013-04-02T19:53:00","guid":{"rendered":"http:\/\/brascri.amgarts.ch\/?page_id=2232"},"modified":"2014-11-12T18:57:15","modified_gmt":"2014-11-12T20:57:15","slug":"balancos-anuais-e-relatorios","status":"publish","type":"page","link":"https:\/\/brascri.org.br\/pt\/conheca\/balancos-anuais-e-relatorios\/","title":{"rendered":"Balan\u00e7o e Relat\u00f3rios Anuais"},"content":{"rendered":"<p>Acompanhe a gest\u00e3o de nossas atividades e dos recursos envolvidos para sua a realiza\u00e7\u00e3o atrav\u00e9s das publica\u00e7\u00f5es Balan\u00e7o e Relat\u00f3rios Anuais.<\/p>\n<p>Por aqui voc\u00ea pode\u00a0ter a no\u00e7\u00e3o de todo o esfor\u00e7o que realizamos para manter e desenvolver nossas atividades.<\/p>\n<p>&nbsp;<\/p>\n<ul>\n<li>\n<h4><a href=\"https:\/\/www.brascri.org.br\/ptwp-content\/uploads\/2014\/11\/BRASCRI-Balan\u00e7o-2013.pdf\" target=\"_blank\"><strong>2013<\/strong> Balan\u00e7o Anual<\/a> (PDF, 65kb)<\/h4>\n<\/li>\n<\/ul>\n<h4><\/h4>\n<ul>\n<li>\n<h4><a href=\"https:\/\/www.brascri.org.br\/ptwp-content\/uploads\/2013\/04\/BRASCRI-Balan\u00e7o-2012.pdf\" target=\"_blank\"><strong>2012<\/strong> Balan\u00e7o Anual<\/a> (PDF, 65kb)<\/h4>\n<\/li>\n<\/ul>\n<h4><\/h4>\n<ul>\n<li>\n<h4><a href=\"https:\/\/www.brascri.org.br\/ptwp-content\/uploads\/2013\/04\/BRASCRI-Bal-.pdf\" target=\"_blank\"><strong>2011<\/strong> Balan\u00e7o Anual<\/a> (PDF, 443kb)<\/h4>\n<\/li>\n<\/ul>\n<p>&nbsp;<\/p>\n<p>Nossos Relat\u00f3rios Anuais estar\u00e3o sendo publicados em breve. Aguarde!<\/p>\n","protected":false},"excerpt":{"rendered":"<p>Acompanhe a gest\u00e3o de nossas atividades e dos recursos envolvidos para sua a realiza\u00e7\u00e3o atrav\u00e9s das publica\u00e7\u00f5es Balan\u00e7o e Relat\u00f3rios Anuais. Por aqui voc\u00ea pode\u00a0ter a no\u00e7\u00e3o de todo o esfor\u00e7o que realizamos para manter e desenvolver nossas atividades. &nbsp; 2013 Balan\u00e7o Anual (PDF, 65kb) 2012 Balan\u00e7o Anual (PDF, 65kb) 2011 Balan\u00e7o Anual (PDF, 443kb) &nbsp; Nossos Relat\u00f3rios Anuais estar\u00e3o sendo publicados em breve. Aguarde!<\/p>\n","protected":false},"author":1,"featured_media":0,"parent":2143,"menu_order":0,"comment_status":"closed","ping_status":"closed","template":"","meta":[],"_links":{"self":[{"href":"https:\/\/brascri.org.br\/pt\/wp-json\/wp\/v2\/pages\/2232"}],"collection":[{"href":"https:\/\/brascri.org.br\/pt\/wp-json\/wp\/v2\/pages"}],"about":[{"href":"https:\/\/brascri.org.br\/pt\/wp-json\/wp\/v2\/types\/page"}],"author":[{"embeddable":true,"href":"https:\/\/brascri.org.br\/pt\/wp-json\/wp\/v2\/users\/1"}],"replies":[{"embeddable":true,"href":"https:\/\/brascri.org.br\/pt\/wp-json\/wp\/v2\/comments?post=2232"}],"version-history":[{"count":50,"href":"https:\/\/brascri.org.br\/pt\/wp-json\/wp\/v2\/pages\/2232\/revisions"}],"predecessor-version":[{"id":4432,"href":"https:\/\/brascri.org.br\/pt\/wp-json\/wp\/v2\/pages\/2232\/revisions\/4432"}],"up":[{"embeddable":true,"href":"https:\/\/brascri.org.br\/pt\/wp-json\/wp\/v2\/pages\/2143"}],"wp:attachment":[{"href":"https:\/\/brascri.org.br\/pt\/wp-json\/wp\/v2\/media?parent=2232"}],"curies":[{"name":"wp","href":"https:\/\/api.w.org\/{rel}","templated":true}]}}