{"id":2228,"date":"2013-04-02T19:50:09","date_gmt":"2013-04-02T19:50:09","guid":{"rendered":"http:\/\/brascri.amgarts.ch\/?page_id=2228"},"modified":"2016-06-30T16:16:59","modified_gmt":"2016-06-30T19:16:59","slug":"a-equipe","status":"publish","type":"page","link":"https:\/\/brascri.org.br\/pt\/conheca\/a-equipe\/","title":{"rendered":"A Equipe"},"content":{"rendered":"<p><a href=\"https:\/\/www.brascri.org.br\/ptwp-content\/uploads\/2016\/06\/DSC090931.jpg\"><img loading=\"lazy\" class=\"aligncenter size-large wp-image-4813\" alt=\"???????????????????????????????\" src=\"https:\/\/www.brascri.org.br\/ptwp-content\/uploads\/2016\/06\/DSC090931-1024x537.jpg\" width=\"980\" height=\"513\" srcset=\"https:\/\/brascri.org.br\/pt\/wp-content\/uploads\/2016\/06\/DSC090931-1024x537.jpg 1024w, https:\/\/brascri.org.br\/pt\/wp-content\/uploads\/2016\/06\/DSC090931-300x157.jpg 300w\" sizes=\"(max-width: 980px) 100vw, 980px\" \/><\/a><\/p>\n<p>Mais de 40 pessoas re\u00fanem seus esfor\u00e7os aos da BRASCRI para colaborar com o sucesso de suas a\u00e7\u00f5es e desenvolvimento estrat\u00e9gico. A BRASCRI consiste do esfor\u00e7o de:<\/p>\n<p style=\"text-align: center;\"><strong>CONSELHO<\/strong><\/p>\n<p style=\"text-align: center;\"><strong>Diretoria<\/strong><\/p>\n<p style=\"text-align: center;\">Ildeu Rodrigues dos Santos &#8211; Presidente<\/p>\n<p style=\"text-align: center;\">Jo\u00e3o Antonio Martins\u00a0&#8211; Vice-Presidente<\/p>\n<p style=\"text-align: center;\">Valter Rinaldi Filho &#8211; \u00a0Secret\u00e1rio<\/p>\n<p style=\"text-align: center;\">Luiz de Melo &#8211; Tesoureiro<\/p>\n<p style=\"text-align: center;\"><strong>CAEF &#8211; Conselho para Assuntos Econ\u00f4micos e Fiscais<\/strong><\/p>\n<p style=\"text-align: center;\">Johann Georg Schmid<\/p>\n<p style=\"text-align: center;\">Otto Walter F. Kneubuhler<\/p>\n<p style=\"text-align: center;\">Almir Martins Teixeira<\/p>\n<p style=\"text-align: center;\"><strong>Supl\u00eancia do <strong>CAEF &#8211; Conselho para Assuntos Econ\u00f4micos e Fiscais<\/strong><\/strong><\/p>\n<p style=\"text-align: center;\">Peter Robert N\u00e4geli<\/p>\n<p style=\"text-align: center;\">Luciano do Prado Santos<\/p>\n<p style=\"text-align: center;\">Robson Alves da Silva<\/p>\n<p>&nbsp;<\/p>\n<p style=\"text-align: center;\">\u00a0\u00a0<strong>ADMINISTRA\u00c7\u00c3O<\/strong><\/p>\n<p style=\"text-align: center;\">Helio Severiano de Almeida &#8211; Gerente Geral<\/p>\n<p style=\"text-align: center;\">Caroline da Silva Martins &#8211; Assistente Administrativo<\/p>\n<p style=\"text-align: center;\">Vagmar Jos\u00e9 de Almeida &#8211; Assistente Cont\u00e1bil e Financeiro<\/p>\n<p style=\"text-align: center;\">Ana Luiza Vallejos &#8211; Assistente Social<\/p>\n","protected":false},"excerpt":{"rendered":"<p>Mais de 40 pessoas re\u00fanem seus esfor\u00e7os aos da BRASCRI para colaborar com o sucesso de suas a\u00e7\u00f5es e desenvolvimento estrat\u00e9gico. A BRASCRI consiste do esfor\u00e7o de: CONSELHO Diretoria Ildeu Rodrigues dos Santos &#8211; Presidente Jo\u00e3o Antonio Martins\u00a0&#8211; Vice-Presidente Valter Rinaldi Filho &#8211; \u00a0Secret\u00e1rio Luiz de Melo &#8211; Tesoureiro CAEF &#8211; Conselho para Assuntos Econ\u00f4micos e Fiscais Johann Georg Schmid Otto Walter F. Kneubuhler Almir Martins Teixeira Supl\u00eancia do CAEF &#8211; Conselho para Assuntos Econ\u00f4micos e Fiscais Peter Robert N\u00e4geli Luciano do Prado Santos Robson Alves da Silva &nbsp; \u00a0\u00a0ADMINISTRA\u00c7\u00c3O Helio Severiano de Almeida &#8211; Gerente Geral Caroline da Silva Martins &#8211; Assistente Administrativo Vagmar Jos\u00e9 de Almeida &#8211; Assistente Cont\u00e1bil e Financeiro Ana Luiza Vallejos &#8211; Assistente Social<\/p>\n","protected":false},"author":1,"featured_media":0,"parent":2143,"menu_order":0,"comment_status":"open","ping_status":"open","template":"","meta":[],"_links":{"self":[{"href":"https:\/\/brascri.org.br\/pt\/wp-json\/wp\/v2\/pages\/2228"}],"collection":[{"href":"https:\/\/brascri.org.br\/pt\/wp-json\/wp\/v2\/pages"}],"about":[{"href":"https:\/\/brascri.org.br\/pt\/wp-json\/wp\/v2\/types\/page"}],"author":[{"embeddable":true,"href":"https:\/\/brascri.org.br\/pt\/wp-json\/wp\/v2\/users\/1"}],"replies":[{"embeddable":true,"href":"https:\/\/brascri.org.br\/pt\/wp-json\/wp\/v2\/comments?post=2228"}],"version-history":[{"count":50,"href":"https:\/\/brascri.org.br\/pt\/wp-json\/wp\/v2\/pages\/2228\/revisions"}],"predecessor-version":[{"id":4814,"href":"https:\/\/brascri.org.br\/pt\/wp-json\/wp\/v2\/pages\/2228\/revisions\/4814"}],"up":[{"embeddable":true,"href":"https:\/\/brascri.org.br\/pt\/wp-json\/wp\/v2\/pages\/2143"}],"wp:attachment":[{"href":"https:\/\/brascri.org.br\/pt\/wp-json\/wp\/v2\/media?parent=2228"}],"curies":[{"name":"wp","href":"https:\/\/api.w.org\/{rel}","templated":true}]}}