{"id":2222,"date":"2013-04-02T19:46:47","date_gmt":"2013-04-02T19:46:47","guid":{"rendered":"http:\/\/brascri.amgarts.ch\/?page_id=2222"},"modified":"2013-05-31T22:08:04","modified_gmt":"2013-06-01T01:08:04","slug":"colabore","status":"publish","type":"page","link":"https:\/\/brascri.org.br\/pt\/colabore\/","title":{"rendered":"Colabore"},"content":{"rendered":"<p>Aqui voc\u00ea descobre as formas de colaborar com a BRASCRI.<\/p>\n<p>Seja atrav\u00e9s de uma doa\u00e7\u00e3o financeira, doa\u00e7\u00e3o de itens materiais ou atrav\u00e9s da doa\u00e7\u00e3o de seu tempo, voc\u00ea pode colaborar com nossas a\u00e7\u00f5es.<\/p>\n<p>Veja qual a mais adequada \u00e0s suas possibilidades e\u00a0participe.<\/p>\n","protected":false},"excerpt":{"rendered":"<p>Aqui voc\u00ea descobre as formas de colaborar com a BRASCRI. Seja atrav\u00e9s de uma doa\u00e7\u00e3o financeira, doa\u00e7\u00e3o de itens materiais ou atrav\u00e9s da doa\u00e7\u00e3o de seu tempo, voc\u00ea pode colaborar com nossas a\u00e7\u00f5es. Veja qual a mais adequada \u00e0s suas possibilidades e\u00a0participe.<\/p>\n","protected":false},"author":1,"featured_media":0,"parent":0,"menu_order":0,"comment_status":"open","ping_status":"open","template":"","meta":[],"_links":{"self":[{"href":"https:\/\/brascri.org.br\/pt\/wp-json\/wp\/v2\/pages\/2222"}],"collection":[{"href":"https:\/\/brascri.org.br\/pt\/wp-json\/wp\/v2\/pages"}],"about":[{"href":"https:\/\/brascri.org.br\/pt\/wp-json\/wp\/v2\/types\/page"}],"author":[{"embeddable":true,"href":"https:\/\/brascri.org.br\/pt\/wp-json\/wp\/v2\/users\/1"}],"replies":[{"embeddable":true,"href":"https:\/\/brascri.org.br\/pt\/wp-json\/wp\/v2\/comments?post=2222"}],"version-history":[{"count":12,"href":"https:\/\/brascri.org.br\/pt\/wp-json\/wp\/v2\/pages\/2222\/revisions"}],"predecessor-version":[{"id":2226,"href":"https:\/\/brascri.org.br\/pt\/wp-json\/wp\/v2\/pages\/2222\/revisions\/2226"}],"wp:attachment":[{"href":"https:\/\/brascri.org.br\/pt\/wp-json\/wp\/v2\/media?parent=2222"}],"curies":[{"name":"wp","href":"https:\/\/api.w.org\/{rel}","templated":true}]}}