{"id":2220,"date":"2013-04-02T19:44:39","date_gmt":"2013-04-02T19:44:39","guid":{"rendered":"http:\/\/brascri.amgarts.ch\/?page_id=2220"},"modified":"2013-05-30T21:40:44","modified_gmt":"2013-05-31T00:40:44","slug":"sobre-brascri","status":"publish","type":"page","link":"https:\/\/brascri.org.br\/pt\/conheca\/sobre-brascri\/","title":{"rendered":"BRASCRI &#8211; Associa\u00e7\u00e3o Brasil Crian\u00e7a"},"content":{"rendered":"<h4>Objetivos Estatut\u00e1rios<\/h4>\n<p>A BRASCRI\u00a0emprega todos os seus esfor\u00e7os para\u00a0colaborar com a\u00a0diminui\u00e7\u00e3o das diferen\u00e7as\u00a0sociais e apoiar a crian\u00e7a e o jovem brasileiro\u00a0na busca por oportunidades que contribuam para o seu pleno desenvolvimento.<\/p>\n<p>Em respeito \u00e0s legisla\u00e7\u00f5es aplic\u00e1veis ao nosso p\u00fablico alvo e a\u00e7\u00f5es,\u00a0preservamos a primeira inf\u00e2ncia, instrumentalizamos crian\u00e7as surdas para sua inclus\u00e3o social,\u00a0evitamos a sedu\u00e7\u00e3o nociva das ruas e preparamos jovens para o mercado de trabalho.<\/p>\n<p>Veja o que o nosso Estatuto prev\u00ea. <a href=\"https:\/\/www.brascri.org.br\/ptwp-content\/uploads\/2013\/04\/Finalidades-Estatut\u00e1rias-da-BRASCRI.pdf\"> Leia mais<\/a>\u00a0(PDF)<\/p>\n","protected":false},"excerpt":{"rendered":"<p>Objetivos Estatut\u00e1rios A BRASCRI\u00a0emprega todos os seus esfor\u00e7os para\u00a0colaborar com a\u00a0diminui\u00e7\u00e3o das diferen\u00e7as\u00a0sociais e apoiar a crian\u00e7a e o jovem brasileiro\u00a0na busca por oportunidades que contribuam para o seu pleno desenvolvimento. Em respeito \u00e0s legisla\u00e7\u00f5es aplic\u00e1veis ao nosso p\u00fablico alvo e a\u00e7\u00f5es,\u00a0preservamos a primeira inf\u00e2ncia, instrumentalizamos crian\u00e7as surdas para sua inclus\u00e3o social,\u00a0evitamos a sedu\u00e7\u00e3o nociva das ruas e preparamos jovens para o mercado de trabalho. Veja o que o nosso Estatuto prev\u00ea. Leia mais\u00a0(PDF)<\/p>\n","protected":false},"author":1,"featured_media":0,"parent":2143,"menu_order":0,"comment_status":"open","ping_status":"open","template":"","meta":[],"_links":{"self":[{"href":"https:\/\/brascri.org.br\/pt\/wp-json\/wp\/v2\/pages\/2220"}],"collection":[{"href":"https:\/\/brascri.org.br\/pt\/wp-json\/wp\/v2\/pages"}],"about":[{"href":"https:\/\/brascri.org.br\/pt\/wp-json\/wp\/v2\/types\/page"}],"author":[{"embeddable":true,"href":"https:\/\/brascri.org.br\/pt\/wp-json\/wp\/v2\/users\/1"}],"replies":[{"embeddable":true,"href":"https:\/\/brascri.org.br\/pt\/wp-json\/wp\/v2\/comments?post=2220"}],"version-history":[{"count":50,"href":"https:\/\/brascri.org.br\/pt\/wp-json\/wp\/v2\/pages\/2220\/revisions"}],"predecessor-version":[{"id":3392,"href":"https:\/\/brascri.org.br\/pt\/wp-json\/wp\/v2\/pages\/2220\/revisions\/3392"}],"up":[{"embeddable":true,"href":"https:\/\/brascri.org.br\/pt\/wp-json\/wp\/v2\/pages\/2143"}],"wp:attachment":[{"href":"https:\/\/brascri.org.br\/pt\/wp-json\/wp\/v2\/media?parent=2220"}],"curies":[{"name":"wp","href":"https:\/\/api.w.org\/{rel}","templated":true}]}}