{"id":2009,"date":"2013-03-31T23:23:27","date_gmt":"2013-03-31T23:23:27","guid":{"rendered":"http:\/\/brascri.amgarts.ch\/?page_id=2009"},"modified":"2025-12-01T11:10:14","modified_gmt":"2025-12-01T14:10:14","slug":"comeco","status":"publish","type":"page","link":"https:\/\/brascri.org.br\/pt\/","title":{"rendered":"Home"},"content":{"rendered":"<p>Fundada em 1993, a BRASCRI construiu uma hist\u00f3ria marcada pela credibilidade e respeito junto \u00e0 comunidade e seus doadores.<\/p>\n<p>A BRASCRI presta apoio a crian\u00e7as e jovens, que necessitam de ajuda para integra\u00e7\u00e3o social e busca de oportunidades. Nossas a\u00e7\u00f5es consistem em:<\/p>\n<ul>\n<li>inclus\u00e3o social de <a href=\"https:\/\/www.brascri.org.br\/ptprojetos\/da-uma-oportunidade-para-se-comunicar\/\"><span style=\"color: #0066b3;\"><strong>crian\u00e7as surdas<\/strong><\/span><\/a>;<\/li>\n<li>a\u00e7\u00f5es<a href=\"https:\/\/www.brascri.org.br\/ptprojetos\/educ-uma-oportunidade-de-aprender\/\"><strong><span style=\"color: #f47920;\"> junto \u00e0 Escolas P\u00fablicas<\/span><\/strong><\/a> para melhorar a educa\u00e7\u00e3o dos jovens; e<\/li>\n<li>promo\u00e7\u00e3o do<a href=\"https:\/\/www.brascri.org.br\/ptprojetos\/nova-chance-uma-oportunidade-para-crescer\/\"><span style=\"color: #008f4c;\"><strong> desenvolvimento profissionalizante de jovens<\/strong><\/span><\/a>.<\/li>\n<\/ul>\n<address>&nbsp;<\/address>\n<p>Conhe\u00e7a mais sobre nossas a\u00e7\u00f5es e nossos desafios.<\/p>\n<p>Fa\u00e7a parte desta grande a\u00e7\u00e3o social !<\/p>\n","protected":false},"excerpt":{"rendered":"<p>Fundada em 1993, a BRASCRI construiu uma hist\u00f3ria marcada pela credibilidade e respeito junto \u00e0 comunidade e seus doadores. A BRASCRI presta apoio a crian\u00e7as e jovens, que necessitam de ajuda para integra\u00e7\u00e3o social e busca de oportunidades. Nossas a\u00e7\u00f5es consistem em: inclus\u00e3o social de crian\u00e7as surdas; a\u00e7\u00f5es junto \u00e0 Escolas P\u00fablicas para melhorar a educa\u00e7\u00e3o dos jovens; e promo\u00e7\u00e3o do desenvolvimento profissionalizante de jovens. &nbsp; Conhe\u00e7a mais sobre nossas a\u00e7\u00f5es e nossos desafios. Fa\u00e7a parte desta grande a\u00e7\u00e3o social !<\/p>\n","protected":false},"author":1,"featured_media":0,"parent":0,"menu_order":0,"comment_status":"closed","ping_status":"closed","template":"","meta":[],"_links":{"self":[{"href":"https:\/\/brascri.org.br\/pt\/wp-json\/wp\/v2\/pages\/2009"}],"collection":[{"href":"https:\/\/brascri.org.br\/pt\/wp-json\/wp\/v2\/pages"}],"about":[{"href":"https:\/\/brascri.org.br\/pt\/wp-json\/wp\/v2\/types\/page"}],"author":[{"embeddable":true,"href":"https:\/\/brascri.org.br\/pt\/wp-json\/wp\/v2\/users\/1"}],"replies":[{"embeddable":true,"href":"https:\/\/brascri.org.br\/pt\/wp-json\/wp\/v2\/comments?post=2009"}],"version-history":[{"count":49,"href":"https:\/\/brascri.org.br\/pt\/wp-json\/wp\/v2\/pages\/2009\/revisions"}],"predecessor-version":[{"id":5427,"href":"https:\/\/brascri.org.br\/pt\/wp-json\/wp\/v2\/pages\/2009\/revisions\/5427"}],"wp:attachment":[{"href":"https:\/\/brascri.org.br\/pt\/wp-json\/wp\/v2\/media?parent=2009"}],"curies":[{"name":"wp","href":"https:\/\/api.w.org\/{rel}","templated":true}]}}